{"id":48,"date":"2025-01-26T09:13:03","date_gmt":"2025-01-26T08:13:03","guid":{"rendered":"https:\/\/www.clinicaariza.com\/?page_id=48"},"modified":"2025-05-23T13:56:47","modified_gmt":"2025-05-23T11:56:47","slug":"politica-de-cookies","status":"publish","type":"page","link":"https:\/\/www.clinicaariza.com\/es\/politica-de-cookies\/","title":{"rendered":"Pol\u00edtica de cookies"},"content":{"rendered":"\n<p>Esta p\u00e1gina web utiliza cookies propias y de terceros, por lo que en cumplimiento del art\u00edculo 22.2 de la Ley 34\/2002, de 11 de julio, de servicios de la sociedad de la informaci\u00f3n y de comercio electr\u00f3nico (LSSI), te informar\u00e9 sobre qu\u00e9 son, cu\u00e1les utilizo en esta web, c\u00f3mo aceptarlas, eliminarlas o configurarlas en tu dispositivo y te solicitar\u00e9 el consentimiento para su uso.<\/p>\n\n\n\n<p><strong>\u00bfQu\u00e9 son las cookies?<\/strong><br>Las cookies y otras tecnolog\u00edas similares son herramientas empleadas por los servidores web para almacenar y recuperar informaci\u00f3n cuando navegas. En general, estas tecnolog\u00edas pueden servir para fines muy diversos, como, por ejemplo, reconocerte como usuario, obtener informaci\u00f3n sobre tus h\u00e1bitos de navegaci\u00f3n o personalizar la forma en que se muestra el contenido. Los usos concretos que se hacen de estas tecnolog\u00edas se describen a continuaci\u00f3n.<\/p>\n\n\n\n<p><strong>Tipos de cookies con car\u00e1cter general<\/strong><br>Con car\u00e1cter general, la normativa requiere que el editor de la p\u00e1gina web informe al usuario sobre las cookies utilizadas y los fines del tratamiento de los datos, as\u00ed como que obtenga el consentimiento del usuario para el uso de las cookies. No obstante, se except\u00faan de estas obligaciones las cookies t\u00e9cnicas o funcionales que permiten la navegaci\u00f3n del usuario a trav\u00e9s de una p\u00e1gina web o la prestaci\u00f3n de servicios solicitados por el usuario.<\/p>\n\n\n\n<p>Puede realizarse una clasificaci\u00f3n de las cookies en funci\u00f3n de diversas categor\u00edas:<\/p>\n\n\n\n<p><strong>Seg\u00fan la entidad que las gestione:<\/strong><\/p>\n\n\n\n<ul class=\"wp-block-list\">\n<li>Propias: son gestionadas por el editor de la web.<\/li>\n\n\n\n<li>De terceros: son gestionadas por otra entidad que trata los datos obtenidos a trav\u00e9s de las cookies.<\/li>\n<\/ul>\n\n\n\n<p><strong>Seg\u00fan su finalidad:<\/strong><\/p>\n\n\n\n<ul class=\"wp-block-list\">\n<li>Cookies t\u00e9cnicas o funcionales (necesarias): aquellas que permiten al usuario la navegaci\u00f3n a trav\u00e9s de la p\u00e1gina web y la utilizaci\u00f3n de las diferentes opciones o servicios que en ella existan<\/li>\n<\/ul>\n\n\n\n<ul class=\"wp-block-list\">\n<li>Cookies de preferencias o personalizaci\u00f3n: aquellas que permiten recordar informaci\u00f3n para que el usuario acceda al servicio con determinadas caracter\u00edsticas que pueden diferenciar su experiencia de la de otros usuarios, como, por ejemplo, el idioma, el n\u00famero de resultados a mostrar cuando el usuario realiza una b\u00fasqueda, el aspecto o contenido del servicio en funci\u00f3n del tipo de navegador a trav\u00e9s del cual el usuario accede al servicio o de la regi\u00f3n desde la que accede al servicio, etc.<\/li>\n<\/ul>\n\n\n\n<ul class=\"wp-block-list\">\n<li>Cookies de an\u00e1lisis o medici\u00f3n: son aquellas que permiten al responsable de las mismas el seguimiento y an\u00e1lisis del comportamiento de los usuarios de los sitios web a los que est\u00e1n vinculadas, incluida la cuantificaci\u00f3n de los impactos de los anuncios. La informaci\u00f3n recogida mediante este tipo de cookies se utiliza en la medici\u00f3n de la actividad de los sitios web, aplicaci\u00f3n o plataforma, con el fin de introducir mejoras en funci\u00f3n del an\u00e1lisis de los datos de uso que hacen los usuarios del servicio.<\/li>\n<\/ul>\n\n\n\n<ul class=\"wp-block-list\">\n<li>Cookies publicitarias: son aquellas que permiten la gesti\u00f3n, de la forma m\u00e1s eficaz posible, de los espacios publicitarios que, en su caso, el editor haya incluido en una p\u00e1gina web, aplicaci\u00f3n o plataforma desde la que presta el servicio solicitado sobre la base de criterios como el contenido editado o la frecuencia con la que se muestran los anuncios.<\/li>\n<\/ul>\n\n\n\n<ul class=\"wp-block-list\">\n<li>Cookies de publicidad comportamental: son aquellas que almacenan informaci\u00f3n del comportamiento de los usuarios obtenida a trav\u00e9s de la observaci\u00f3n continuada de sus h\u00e1bitos de navegaci\u00f3n, lo que permite desarrollar un perfil espec\u00edfico para mostrar publicidad en funci\u00f3n del mismo.<\/li>\n<\/ul>\n\n\n<\/ul>\n<p><!-- \/wp:post-content --><\/p>\n<p><!-- wp:paragraph --><\/p>\n<p><strong>Seg\u00fan el plazo de tiempo que permanecen activadas:<\/strong><\/p>\n<p><!-- \/wp:paragraph --><\/p>\n<p><!-- wp:list --><\/p>\n<ul class=\"wp-block-list\">\n<!-- wp:list-item --><\/p>\n<li>Cookies de sesi\u00f3n: son aquellas dise\u00f1adas para recopilar y almacenar datos mientras el usuario accede a una p\u00e1gina web.<\/li>\n<p><!-- \/wp:list-item --><\/p>\n<p><!-- wp:list-item --><\/p>\n<li>Cookies persistentes: son aquellas en las que los datos siguen almacenados en el terminal y pueden ser accedidos y tratados durante un per\u00edodo definido por el responsable de la cookie, y que puede ir de unos minutos a varios a\u00f1os.<\/li>\n<p><!-- \/wp:list-item -->\n<\/ul>\n<p><!-- \/wp:list --><\/p>\n<p><!-- wp:paragraph --><\/p>\n<p><strong>\u00bfQu\u00e9 tipo de cookies se utilizan en esta p\u00e1gina web?<\/strong><br \/>Las cookies propias y de terceros utilizadas en esta p\u00e1gina web se muestran a continuaci\u00f3n:<\/p>\n<p><!-- \/wp:paragraph --><\/p>\n<p><!-- wp:paragraph --><\/p>\n<p><strong>Necesarias<\/strong><br \/>Las cookies necesarias son absolutamente esenciales para que el sitio web funcione correctamente. Estas cookies garantizan funcionalidades b\u00e1sicas y caracter\u00edsticas de seguridad del sitio web, de manera an\u00f3nima.<\/p>\n<p><!-- \/wp:paragraph --><\/p>\n<p><!-- wp:table --><\/p>\n<figure class=\"wp-block-table\">\n<table class=\"has-fixed-layout\">\n<tbody>\n<tr>\n<td>\n<p>Cookie<\/p>\n<\/td>\n<td>\n<p>Origen<\/p>\n<\/td>\n<td>\n<p>Duraci\u00f3n<\/p>\n<\/td>\n<td>\n<p>Descripci\u00f3n<\/p>\n<\/td>\n<\/tr>\n<tr>\n<td>\n<p>_GRECAPTCHA<\/p>\n<\/td>\n<td>\n<p>Google<\/p>\n<\/td>\n<td>\n<p>5 meses 27 d\u00edas<\/p>\n<\/td>\n<td>\n<p>Esta cookie es establecida por el servicio de Google reCAPTCHA para identificar bots, con el fin de proteger la web frente a ataques maliciosos de spam.<\/p>\n<\/td>\n<\/tr>\n<tr>\n<td>\n<p>cookielawinfo-checkbox-advertisement<\/p>\n<\/td>\n<td>\n<p>Propia<\/p>\n<\/td>\n<td>\n<p>1 a\u00f1o<\/p>\n<\/td>\n<td>\n<p>Establecida por el plugin GDPR Cookie Consent para registrar el consentimiento del usuario para el uso de cookies en la categor\u00eda \u201cPublicitarias\u201d.<\/p>\n<\/td>\n<\/tr>\n<tr>\n<td>\n<p>cookielawinfo-checkbox-analytics<\/p>\n<\/td>\n<td>\n<p>Propia<\/p>\n<\/td>\n<td>\n<p>11 meses<\/p>\n<\/td>\n<td>\n<p>Establecida por el plugin GDPR Cookie Consent para registrar el consentimiento del usuario para el uso de cookies en la categor\u00eda \u201cAnal\u00edticas\u201d.<\/p>\n<\/td>\n<\/tr>\n<tr>\n<td>\n<p>cookielawinfo-checkbox-functional<\/p>\n<\/td>\n<td>\n<p>Propia<\/p>\n<\/td>\n<td>\n<p>11 meses<\/p>\n<\/td>\n<td>\n<p>Establecida por el plugin GDPR Cookie Consent para registrar el consentimiento del usuario para el uso de cookies en la categor\u00eda \u201cFuncionales\u201d.<\/p>\n<\/td>\n<\/tr>\n<tr>\n<td>\n<p>cookielawinfo-checkbox-necessary<\/p>\n<\/td>\n<td>\n<p>Propia<\/p>\n<\/td>\n<td>\n<p>11 meses<\/p>\n<\/td>\n<td>\n<p>Establecida por el plugin GDPR Cookie Consent para registrar el consentimiento del usuario para el uso de cookies en la categor\u00eda \u201cNecesarias\u201d.<\/p>\n<\/td>\n<\/tr>\n<tr>\n<td>\n<p>cookielawinfo-checkbox-others<\/p>\n<\/td>\n<td>\n<p>Propia<\/p>\n<\/td>\n<td>\n<p>11 meses<\/p>\n<\/td>\n<td>\n<p>Establecida por el plugin GDPR Cookie Consent para registrar el consentimiento del usuario para el uso de cookies en la categor\u00eda \u201cOtras\u201d.<\/p>\n<\/td>\n<\/tr>\n<tr>\n<td>\n<p>cookielawinfo-checkbox-performance<\/p>\n<\/td>\n<td>\n<p>Propia<\/p>\n<\/td>\n<td>\n<p>11 meses<\/p>\n<\/td>\n<td>\n<p>Establecida por el plugin GDPR Cookie Consent para registrar el consentimiento del usuario para el uso de cookies en la categor\u00eda \u201cRendimiento\u201d.<\/p>\n<\/td>\n<\/tr>\n<tr>\n<td>\n<p>OptanonConsent<\/p>\n<\/td>\n<td>\n<p>Propia<\/p>\n<\/td>\n<td>\n<p>1 a\u00f1o<\/p>\n<\/td>\n<td>\n<p>OneTrust establece esta cookie para almacenar detalles sobre las categor\u00edas de cookies del sitio y comprobar si los visitantes han dado o retirado el consentimiento para el uso de cada categor\u00eda.<\/p>\n<\/td>\n<\/tr>\n<tr>\n<td>\n<p>pmpro_visit<\/p>\n<\/td>\n<td>\n<p>Propia<\/p>\n<\/td>\n<td>\n<p>Sesi\u00f3n<\/p>\n<\/td>\n<td>\n<p>Esta cookie es establecida por el plugin PaidMembership Pro para gestionar las suscripciones de usuarios.<\/p>\n<\/td>\n<\/tr>\n<tr>\n<td>\n<p>viewed_cookie_policy<\/p>\n<\/td>\n<td>\n<p>Propia<\/p>\n<\/td>\n<td>\n<p>11 meses<\/p>\n<\/td>\n<td>\n<p>Esta cookie la establece el plugin GDPR Cookie Consent para almacenar si el usuario ha dado o no su consentimiento para el uso de cookies. No almacena datos personales.<\/p>\n<\/td>\n<\/tr>\n<\/tbody>\n<\/table>\n<\/figure>\n<p><!-- \/wp:table --><\/p>\n<p><!-- wp:paragraph --><\/p>\n<p><strong>Anal\u00edticas<\/strong><br \/>Las cookies anal\u00edticas se utilizan para comprender c\u00f3mo interact\u00faan los visitantes con el sitio web. Estas cookies ayudan a proporcionar informaci\u00f3n sobre m\u00e9tricas, el n\u00famero de visitantes, la tasa de rebote, la fuente de tr\u00e1fico, etc.<\/p>\n<p><!-- \/wp:paragraph --><\/p>\n<p><!-- wp:table --><\/p>\n<figure class=\"wp-block-table\">\n<table class=\"has-fixed-layout\">\n<tbody>\n<tr>\n<td>\n<p>Cookie<\/p>\n<\/td>\n<td>\n<p>Origen<\/p>\n<\/td>\n<td>\n<p>Duraci\u00f3n<\/p>\n<\/td>\n<td>\n<p>Descripci\u00f3n<\/p>\n<\/td>\n<\/tr>\n<tr>\n<td>\n<p>_ga<\/p>\n<\/td>\n<td>\n<p>Google<\/p>\n<\/td>\n<td>\n<p>2 a\u00f1os<\/p>\n<\/td>\n<td>\n<p>Esta cookie, instalada por Google Analytics, calcula los datos de visitantes, sesiones y campa\u00f1as y tambi\u00e9n realiza un seguimiento del uso del sitio para el informe anal\u00edtico del sitio. La cookie almacena informaci\u00f3n de forma an\u00f3nima y asigna un n\u00famero generado aleatoriamente para reconocer a visitantes \u00fanicos.<\/p>\n<\/td>\n<\/tr>\n<tr>\n<td>\n<p>_gat_gtag_UA_122174193_10<\/p>\n<\/td>\n<td>\n<p>Google<\/p>\n<\/td>\n<td>\n<p>1 minuto<\/p>\n<\/td>\n<td>\n<p>Establecida por Google para diferenciar a los usuarios.<\/p>\n<\/td>\n<\/tr>\n<tr>\n<td>\n<p>_gid<\/p>\n<\/td>\n<td>\n<p>Google<\/p>\n<\/td>\n<td>\n<p>1 d\u00eda<\/p>\n<\/td>\n<td>\n<p>Instalada por Google Analytics, esta cookie almacena informaci\u00f3n sobre c\u00f3mo los visitantes usan un sitio web, al mismo tiempo que crea un informe anal\u00edtico del rendimiento del sitio web. Algunos de los datos que se recopilan incluyen el n\u00famero de visitantes, su fuente y las p\u00e1ginas que visitan de forma an\u00f3nima.<\/p>\n<\/td>\n<\/tr>\n<tr>\n<td>\n<p>CONSENT<\/p>\n<\/td>\n<td>\n<p>Google<\/p>\n<\/td>\n<td>\n<p>2 a\u00f1os<\/p>\n<\/td>\n<td>\n<p>YouTube establece esta cookie a trav\u00e9s de v\u00eddeos de YouTube incrustados y registra datos estad\u00edsticos an\u00f3nimos.<\/p>\n<\/td>\n<\/tr>\n<\/tbody>\n<\/table>\n<\/figure>\n<p><!-- \/wp:table --><\/p>\n<p><!-- wp:paragraph --><\/p>\n<p><strong>COOKIES DE TERCEROS<\/strong><br \/>Los servicios de terceros son ajenos al control del editor. Los proveedores pueden modificar en cualquier momento sus condiciones de servicio, finalidad y uso de las cookies, etc.<\/p>\n<p><!-- \/wp:paragraph --><\/p>\n<p><!-- wp:paragraph --><\/p>\n<p><strong>Proveedores externos de este sitio web:<\/strong><\/p>\n<p><!-- \/wp:paragraph --><\/p>\n<p><!-- wp:html --><\/p>\n<figure class=\"wp-block-table\">\n<table class=\"has-fixed-layout\">\n<tbody>\n<tr>\n<td>Proveedor<\/td>\n<td>Informaci\u00f3n sobre cookies<\/td>\n<\/tr>\n<tr>\n<td>Google (EE. UU.)<\/td>\n<td>\n<a href=\"https:\/\/policies.google.com\/technologies\/cookies?hl=es#how-google-uses-cookies\" rel=\"noopener\">https:\/\/policies.google.com\/technologies\/cookies?hl=es#how-google-uses-cookies<\/a>\n<\/td>\n<\/tr>\n<\/tbody>\n<\/table>\n<\/figure>\n<p><!-- \/wp:html --><\/p>\n<p><!-- wp:paragraph --><\/p>\n<p><strong>Informaci\u00f3n sobre c\u00f3mo aceptar, denegar o revocar el consentimiento para el uso de las cookies<\/strong><br \/>Puedes permitir o bloquear las cookies, as\u00ed como borrar tus datos de navegaci\u00f3n (incluidas las cookies) desde el navegador que utilizas. Para ello, consulta las opciones e instrucciones que ofrece tu navegador. Ten en cuenta que, si aceptas las cookies de terceros, deber\u00e1s eliminarlas desde las opciones del navegador o desde el sistema ofrecido por el propio tercero.<\/p>\n<p><!-- \/wp:paragraph --><\/p>\n<p><!-- wp:paragraph --><\/p>\n<p>Puedes utilizar los enlaces que se muestran a continuaci\u00f3n para consultar las instrucciones de los navegadores m\u00e1s habituales que puedas utilizar en tu ordenador:<\/p>\n<p><!-- \/wp:paragraph --><\/p>\n<p><!-- wp:html --><\/p>\n<figure class=\"wp-block-table\">\n<table class=\"has-fixed-layout\">\n<tbody>\n<tr>\n<td>Internet Explorer<\/td>\n<td><a href=\"https:\/\/support.microsoft.com\/es-es\/help\/17442\/windows-internet-explorer-delete-manage-cookies\" rel=\"noopener\">M\u00e1s informaci\u00f3n<\/a><\/td>\n<\/tr>\n<tr>\n<td>Firefox<\/td>\n<td><a href=\"http:\/\/support.mozilla.org\/es\/kb\/habilitar-y-deshabilitar-cookies-que-los-sitios-we\" rel=\"noopener\">M\u00e1s informaci\u00f3n<\/a><\/td>\n<\/tr>\n<tr>\n<td>Chrome<\/td>\n<td><a href=\"https:\/\/support.google.com\/chrome\/answer\/95647?hl=es\" rel=\"noopener\">M\u00e1s informaci\u00f3n<\/a><\/td>\n<\/tr>\n<tr>\n<td>Opera<\/td>\n<td><a href=\"http:\/\/help.opera.com\/Linux\/10.60\/es-ES\/cookies.html\" rel=\"noopener\">M\u00e1s informaci\u00f3n<\/a><\/td>\n<\/tr>\n<tr>\n<td>Safari<\/td>\n<td><a href=\"https:\/\/support.apple.com\/es-es\/HT201265\" rel=\"noopener\">M\u00e1s informaci\u00f3n<\/a><\/td>\n<\/tr>\n<\/tbody>\n<\/table>\n<\/figure>\n<p><!-- \/wp:html --><\/p>\n<p><!-- wp:paragraph --><\/p>\n<p>Asimismo, para consultar los navegadores m\u00e1s habituales que utilices en tu m\u00f3vil o tablet:<\/p>\n<p><!-- \/wp:paragraph --><\/p>\n<p><!-- wp:html --><\/p>\n<figure class=\"wp-block-table\">\n<table class=\"has-fixed-layout\">\n<tbody>\n<tr>\n<td>&nbsp;<\/td>\n<td>ANDROID<\/td>\n<td>IPHONE Y IPAD<\/td>\n<\/tr>\n<tr>\n<td>Firefox<\/td>\n<td><a href=\"https:\/\/support.mozilla.org\/es\/kb\/habilitar-o-deshabilitar-cookies-en-firefox-para-android\" rel=\"noopener\">M\u00e1s informaci\u00f3n<\/a><\/td>\n<td><a href=\"https:\/\/support.mozilla.org\/es\/kb\/limpia-historial-de-navegacion-web-en-firefox-para-ios\" rel=\"noopener\">M\u00e1s informaci\u00f3n<\/a><\/td>\n<\/tr>\n<tr>\n<td>Chrome<\/td>\n<td><a href=\"https:\/\/support.google.com\/chrome\/answer\/95647?co=GENIE.Platform=Android&amp;hl=es-419&amp;oco=0\" rel=\"noopener\">M\u00e1s informaci\u00f3n<\/a><\/td>\n<td><a href=\"https:\/\/support.google.com\/chrome\/answer\/95647?co=GENIE.Platform=iOS&amp;hl=es-419&amp;oco=0\" rel=\"noopener\">M\u00e1s informaci\u00f3n<\/a><\/td>\n<\/tr>\n<tr>\n<td>Opera<\/td>\n<td><a href=\"http:\/\/help.opera.com\/Linux\/10.60\/es-ES\/cookies.html\" rel=\"noopener\">M\u00e1s informaci\u00f3n<\/a><\/td>\n<td><a href=\"http:\/\/help.opera.com\/Windows\/11.50\/es-ES\/cookies.html\" rel=\"noopener\">M\u00e1s informaci\u00f3n<\/a><\/td>\n<\/tr>\n<tr>\n<td>Safari<\/td>\n<td>&nbsp;<\/td>\n<td><a href=\"https:\/\/support.apple.com\/es-es\/HT201265\" rel=\"noopener\">M\u00e1s informaci\u00f3n<\/a><\/td>\n<\/tr>\n<\/tbody>\n<\/table>\n<\/figure>\n<p><!-- \/wp:html --><\/p>\n<p><!-- wp:paragraph --><\/p>\n<p>Tambi\u00e9n existe la alternativa de la navegaci\u00f3n en modo privado. Este modo permite navegar por las p\u00e1ginas de forma an\u00f3nima. A continuaci\u00f3n, te indicamos los enlaces para activar el modo inc\u00f3gnito de los principales navegadores:<\/p>\n<p><!-- \/wp:paragraph --><\/p>\n<p><!-- wp:html --><\/p>\n<figure class=\"wp-block-table\">\n<table class=\"has-fixed-layout\">\n<tbody>\n<tr>\n<td>Navegador<\/td>\n<td>Modo<\/td>\n<td>Enlace<\/td>\n<\/tr>\n<tr>\n<td>Explorer<\/td>\n<td>InPrivate<\/td>\n<td><a href=\"https:\/\/support.microsoft.com\/es-es\/help\/17479\/windows-internet-explorer-11-change-security-privacy-settings\" rel=\"noopener\">M\u00e1s informaci\u00f3n<\/a><\/td>\n<\/tr>\n<tr>\n<td>Firefox<\/td>\n<td>Navegaci\u00f3n privada<\/td>\n<td><a href=\"https:\/\/support.mozilla.org\/es\/kb\/navegacion-privada-Firefox-no-guardar-historial-navegacion?redirectlocale=en-US&amp;as=u&amp;redirectslug=Private+Browsing&amp;utm_source=inproduct\" rel=\"noopener\">M\u00e1s informaci\u00f3n<\/a><\/td>\n<\/tr>\n<tr>\n<td>Chrome<\/td>\n<td>Modo inc\u00f3gnito<\/td>\n<td><a href=\"https:\/\/support.google.com\/chrome\/answer\/95464?hl=es\" rel=\"noopener\">M\u00e1s informaci\u00f3n<\/a><\/td>\n<\/tr>\n<tr>\n<td>Safari<\/td>\n<td>Navegaci\u00f3n privada<\/td>\n<td><a href=\"https:\/\/support.apple.com\/kb\/PH17168?locale=en_US&amp;viewlocale=es_ES\" rel=\"noopener\">M\u00e1s informaci\u00f3n<\/a><\/td>\n<\/tr>\n<tr>\n<td>Opera<\/td>\n<td>Navegaci\u00f3n privada<\/td>\n<td><a href=\"http:\/\/help.opera.com\/Windows\/12.00\/es-ES\/private.html\" rel=\"noopener\">M\u00e1s informaci\u00f3n<\/a><\/td>\n<\/tr>\n<\/tbody>\n<\/table>\n<\/figure>\n<p><!-- \/wp:html --><\/p>\n<p><!-- wp:paragraph --><\/p>\n<p>Si deseas tener un mayor control sobre la instalaci\u00f3n de cookies, puedes instalar programas o complementos en tu navegador, conocidos como herramientas de \u201cDo Not Track\u201d (<a href=\"http:\/\/donottrack.us\/\" rel=\"noopener\">http:\/\/donottrack.us\/<\/a>), que te permitir\u00e1n elegir qu\u00e9 cookies deseas permitir. Asimismo, puedes utilizar una extensi\u00f3n en tu navegador llamada \u201cGhostery\u201d o \u201cBaycloud Bounceer\u201d, que te permiten seleccionar las cookies que aceptas y las que no. Tambi\u00e9n existen bloqueadores como \u201cAdblock\u201d.<\/p>\n<p><!-- \/wp:paragraph --><\/p>\n<p><!-- wp:paragraph --><\/p>\n<p><strong>Cookies y tratamiento de datos personales<\/strong><br \/>El uso de cookies puede conllevar el tratamiento de datos personales de los usuarios de la p\u00e1gina web. Este tratamiento se produce, por ejemplo, cuando el usuario est\u00e1 identificado por un nombre o direcci\u00f3n de correo electr\u00f3nico que lo identifique (por ejemplo, por tratarse de un usuario registrado) o cuando se utilizan identificadores \u00fanicos que permiten distinguir unos usuarios de otros y realizar un seguimiento individualizado de los mismos.<\/p>\n<p><!-- \/wp:paragraph --><\/p>\n<p><!-- wp:paragraph --><\/p>\n<p>Centro Odontol\u00f3gico Maxilofacial, SL es la responsable del tratamiento de los datos personales obtenidos a trav\u00e9s de esta p\u00e1gina web. No obstante, el uso de cookies en esta web no implica, por parte del responsable del tratamiento, el registro de la IP de los usuarios, ni la elaboraci\u00f3n de perfiles de los usuarios, ni su identificaci\u00f3n.<\/p>\n<p><!-- \/wp:paragraph --><\/p>\n<p><!-- wp:paragraph --><\/p>\n<p>La informaci\u00f3n relativa a la identificaci\u00f3n, fines y per\u00edodo de conservaci\u00f3n de las cookies propias y de terceros utilizadas en esta web figura en la tabla mostrada anteriormente.<\/p>\n<p><!-- \/wp:paragraph --><\/p>\n<p><!-- wp:paragraph --><\/p>\n<p>La legitimaci\u00f3n para el tratamiento de datos personales derivado del uso de cookies es el consentimiento del interesado (art. 6.1.a del Reglamento UE 2016\/679 General de Protecci\u00f3n de Datos &#8211; RGPD), en conexi\u00f3n con el art. 22.2 de la LSSI. En el apartado anterior se indica la informaci\u00f3n sobre c\u00f3mo revocar el consentimiento.<\/p>\n<p><!-- \/wp:paragraph --><\/p>\n<p><!-- wp:paragraph --><\/p>\n<p>Centro Odontol\u00f3gico Maxilofacial, SL no comunica a terceros ning\u00fan dato obtenido de las cookies, si bien los terceros que han sido identificados en esta pol\u00edtica de cookies pueden acceder y tratar los datos obtenidos a trav\u00e9s de las cookies. Puedes informarte sobre las transferencias a terceros pa\u00edses que, en su caso, realicen los terceros identificados en esta pol\u00edtica de cookies en sus respectivas pol\u00edticas (ver los enlaces facilitados en el apartado \u201cCookies de terceros\u201d).<\/p>\n<p><!-- \/wp:paragraph --><\/p>\n<p><!-- wp:paragraph --><\/p>\n<p>Centro Odontol\u00f3gico Maxilofacial, SL informa que este sitio web utiliza Google Analytics, por lo que Google LLC trata los datos como encargado del tratamiento, realiz\u00e1ndose una transferencia internacional de datos a los Estados Unidos al amparo de cl\u00e1usulas tipo de protecci\u00f3n de datos adoptadas por la Comisi\u00f3n Europea, conforme al art. 46.2.c) del RGPD. Puede consultarse informaci\u00f3n sobre las cl\u00e1usulas tipo de protecci\u00f3n de datos en este <a href=\"https:\/\/eur-lex.europa.eu\/legal-content\/ES\/TXT\/PDF\/?uri=CELEX:32021D0914&amp;qid=1623249029503&amp;from=ES\" target=\"_blank\" rel=\"noopener\">enlace<\/a>.<\/p>\n<p><!-- \/wp:paragraph --><\/p>\n<p><!-- wp:paragraph --><\/p>\n<p>El usuario puede ejercer los derechos reconocidos en la normativa vigente de protecci\u00f3n de datos de la manera indicada en la pol\u00edtica de privacidad disponible en esta web, si bien Centro Odontol\u00f3gico Maxilofacial, SL podr\u00e1 denegar la solicitud, conforme a lo previsto en el art. 12.2 del RGPD, cuando no est\u00e9 en condiciones de identificar al interesado.<\/p>\n<p><!-- \/wp:paragraph --><\/p>\n<p><!-- wp:paragraph --><\/p>\n<p><!-- \/wp:paragraph --><\/p>","protected":false},"excerpt":{"rendered":"<p>Esta p\u00e1gina web utiliza cookies propias y de terceros, por lo que en cumplimiento del art\u00edculo 22.2 de la Ley 34\/2002, de 11 de julio, de servicios de la sociedad de la informaci\u00f3n y de comercio electr\u00f3nico (LSSI), te informar\u00e9 sobre qu\u00e9 son, cu\u00e1les utilizo en esta web, c\u00f3mo aceptarlas, eliminarlas o configurarlas en tu [&hellip;]<\/p>\n","protected":false},"author":1,"featured_media":0,"parent":0,"menu_order":0,"comment_status":"closed","ping_status":"closed","template":"","meta":{"_acf_changed":false,"editor_notices":[],"footnotes":""},"class_list":["post-48","page","type-page","status-publish","hentry"],"acf":[],"_links":{"self":[{"href":"https:\/\/www.clinicaariza.com\/es\/wp-json\/wp\/v2\/pages\/48","targetHints":{"allow":["GET"]}}],"collection":[{"href":"https:\/\/www.clinicaariza.com\/es\/wp-json\/wp\/v2\/pages"}],"about":[{"href":"https:\/\/www.clinicaariza.com\/es\/wp-json\/wp\/v2\/types\/page"}],"author":[{"embeddable":true,"href":"https:\/\/www.clinicaariza.com\/es\/wp-json\/wp\/v2\/users\/1"}],"replies":[{"embeddable":true,"href":"https:\/\/www.clinicaariza.com\/es\/wp-json\/wp\/v2\/comments?post=48"}],"version-history":[{"count":3,"href":"https:\/\/www.clinicaariza.com\/es\/wp-json\/wp\/v2\/pages\/48\/revisions"}],"predecessor-version":[{"id":1108,"href":"https:\/\/www.clinicaariza.com\/es\/wp-json\/wp\/v2\/pages\/48\/revisions\/1108"}],"wp:attachment":[{"href":"https:\/\/www.clinicaariza.com\/es\/wp-json\/wp\/v2\/media?parent=48"}],"curies":[{"name":"wp","href":"https:\/\/api.w.org\/{rel}","templated":true}]}}