{"id":46,"date":"2025-01-26T09:12:57","date_gmt":"2025-01-26T08:12:57","guid":{"rendered":"https:\/\/www.clinicaariza.com\/?page_id=46"},"modified":"2025-05-23T14:17:06","modified_gmt":"2025-05-23T12:17:06","slug":"politica-de-privacidad","status":"publish","type":"page","link":"https:\/\/www.clinicaariza.com\/es\/politica-de-privacidad\/","title":{"rendered":"Pol\u00edtica de privacidad"},"content":{"rendered":"\n<p><strong>Alcance de la pol\u00edtica de protecci\u00f3n de datos personales<br><\/strong>Esta pol\u00edtica de protecci\u00f3n de datos de car\u00e1cter personal abarca cualquier tratamiento de datos que pueda producirse al navegar o interaccionar por cualquiera de nuestras p\u00e1ginas web o las redes sociales en las que podamos tener presencia. Al final de este documento se especifica informaci\u00f3n especial en el caso del uso de las redes sociales. Tambi\u00e9n se aplicar\u00e1 a cualquier procedimiento interno de la empresa que requiera la recogida de datos, ya sea en formularios en formato papel o cualquier otro sistema.<br>En cualquiera de estos medios, usted puede consultar informaci\u00f3n, y en algunos casos rellenar formularios, contestar encuestas, participar en concursos, realizar consultas, enviar fotograf\u00edas, realizar comentarios, etc.\u2026 y, por lo tanto, proporcionarnos informaci\u00f3n de datos de car\u00e1cter personal. Todos los tratamientos est\u00e1n sujetos a nuestra pol\u00edtica de privacidad.<\/p>\n\n\n\n<p><strong>\u00bfQui\u00e9n es el responsable del tratamiento de sus datos personales?<br><\/strong>En cumplimiento de lo establecido en el Reglamento (UE) 2016\/679 del Parlamento Europeo\u00a0y\u00a0del Consejo de 27 de abril del 2016 y la Ley Org\u00e1nica 3\/2018, de 5 de diciembre, de Protecci\u00f3n de Datos Personales y garant\u00eda de los derechos digitales, informamos, que los datos de car\u00e1cter personal que nos proporcione ser\u00e1n tratados por Centro Odontol\u00f3gico Maxilofacial, SL, con domicilio social en la calle Gran Passeig de Ronda, 85, 25006 Lleida, CIF B-25496498, tel\u00e9fono +34 973 283 028\u202c y email info@clinicaariza.com. Centro Odontol\u00f3gico Maxilofacial, SL ha designado como Delegado de Protecci\u00f3n de Datos a TECNODOSIS, SL con email de contacto dpd@utpr.es.<\/p>\n\n\n\n<p><strong>\u00bfQu\u00e9 Datos Personales se recogen y finalidad de los mismos?<br><\/strong>Detallamos, los datos personales que gestiona, as\u00ed como sus finalidades.<\/p>\n\n\n\n<figure class=\"wp-block-table is-style-regular\"><table><tbody><tr><td>Tratamiento<\/td><td>CLIENTES<\/td><\/tr><tr><td>Finalidad<\/td><td>Gestionar los datos de los clientes para gestionar su pedido.<\/td><\/tr><tr><td>Categor\u00edas de los datos<\/td><td>Clientes.<\/td><\/tr><tr><td>Datos<\/td><td>Datos identificativos: Nombre y apellidos, DNI, direcci\u00f3n, tel\u00e9fono, mail.<\/td><\/tr><tr><td>Legitimaci\u00f3n<\/td><td>Relaci\u00f3n contractual.<\/td><\/tr><tr><td>Procedencia<\/td><td>Del propio interesado.<\/td><\/tr><tr><td>Destinatarios<\/td><td>Las previstas por normativa.<\/td><\/tr><tr><td>Tiempo de conservaci\u00f3n<\/td><td>Las previstas por normativa.<\/td><\/tr><tr><td>Transferencias internacionales<\/td><td>No hay transferencia internacional de datos.<\/td><\/tr><\/tbody><\/table><\/figure>\n\n\n\n<figure class=\"wp-block-table is-style-regular\"><table><tbody><tr><td>Tratamiento<\/td><td>INFORMACI\u00d3N<\/td><\/tr><tr><td>Finalidad<\/td><td>Responder las peticiones de informaci\u00f3n que se recepcionan por la web.<\/td><\/tr><tr><td>Categor\u00edas de los datos<\/td><td>Personas que solicitan informaci\u00f3n.<\/td><\/tr><tr><td>Datos<\/td><td>Nombre, apellidos, mail y tel\u00e9fono.<\/td><\/tr><tr><td>Legitimaci\u00f3n<\/td><td>Inter\u00e9s leg\u00edtimo.<\/td><\/tr><tr><td>Procedencia<\/td><td>Del propio interesado.<\/td><\/tr><tr><td>Destinatarios<\/td><td>No hay comunicaciones de los datos.<\/td><\/tr><tr><td>Conservaci\u00f3n<\/td><td>Hasta que se haya gestionado la petici\u00f3n.<\/td><\/tr><tr><td>Transferencias internacionales<\/td><td>No existen transferencias internacionales de datos.<\/td><\/tr><\/tbody><\/table><\/figure>\n\n\n\n<figure class=\"wp-block-table is-style-regular\"><table><tbody><tr><td>Tratamiento<\/td><td>NEWSLETTER<\/td><\/tr><tr><td>Finalidad<\/td><td>Env\u00edo de informaci\u00f3n sobre los productos de la empresa.<\/td><\/tr><tr><td>Categor\u00edas de los datos<\/td><td>Personas que solicitan informaci\u00f3n.<\/td><\/tr><tr><td>Datos<\/td><td>Nombre, apellidos, correo electr\u00f3nico y tel\u00e9fono.<\/td><\/tr><tr><td>Legitimaci\u00f3n<\/td><td>Consentimiento. Este puede ser revocado en cualquier momento.<\/td><\/tr><tr><td>Procedencia<\/td><td>Del propio interesado.<\/td><\/tr><tr><td>Destinatarios<\/td><td>No se ceden los datos.<\/td><\/tr><tr><td>Tiempo de conservaci\u00f3n<\/td><td>Hasta que no se ejerza el derecho de oposici\u00f3n y\/o supresi\u00f3n.<\/td><\/tr><tr><td>Transferencias internacionales<\/td><td>No hay transferencia internacional de datos.<\/td><\/tr><\/tbody><\/table><\/figure>\n\n\n\n<p>Su consentimiento puede ser revocado en cualquier momento.<br>Centro Odontol\u00f3gico Maxilofacial, SL utiliza herramientas para analizar perfiles, comportamientos o preferencias de los usuarios y posteriormente realizar campa\u00f1as dirigidas en funci\u00f3n de estos datos.<\/p>\n\n\n\n<p><strong>\u00bfPor qu\u00e9 raz\u00f3n utilizamos sus datos personales?<br><\/strong>A continuaci\u00f3n, le explicamos la base legal que nos permite tratar sus datos personales.<\/p>\n\n\n\n<p>1. En cumplimiento de una relaci\u00f3n contractual.<br>2. Cuando nos da su consentimiento.<br>3. Por inter\u00e9s leg\u00edtimo de Centro Odontol\u00f3gico Maxilofacial, SL para mostrarle servicios, productos e iniciativas que puedan interesarle.<br>4. Cumplimiento de obligaciones impuestas por Ley.<\/p>\n\n\n\n<p>Les recordamos que puede revocar su consentimiento en cualquier momento en la siguiente direcci\u00f3n: info@clinicaariza.com.<\/p>\n\n\n\n<p><strong>\u00bfC\u00f3mo obtendremos sus datos personales?<br><\/strong>Por regla general, los datos personales se recogen siempre directamente del interesado, no obstante, en determinadas excepciones, los datos pueden ser recogidos a trav\u00e9s de terceras personas, entidades o servicios diferentes del interesado. En este sentido, este extremo ser\u00e1 trasladado al interesado a trav\u00e9s de las cl\u00e1usulas de consentimiento informado contenidas en las diferentes v\u00edas de recogida de informaci\u00f3n y dentro de un plazo razonable, una vez obtenidos los datos, y a m\u00e1s tardar dentro de un mes.<\/p>\n\n\n\n<p><strong>Publicaciones de fotos o videos en la p\u00e1gina web o en las redes sociales<br><\/strong>Para la publicaci\u00f3n de fotograf\u00edas o videos de nuestros trabajadores, clientes, usuarios o menores en la web o redes sociales, al igual que para recopilar datos para realizar un concurso o tratar cualquier otro dato personal, previamente obtenemos el\u00a0consentimiento\u00a0previo, expl\u00edcito, indiscutible\u00a0e informado del titular que, en el caso de los menores de 14 a\u00f1os, se otorga por los padres o tutores legales.<br>El tratamiento de estas fotos, acata\u00a0el principio de\u00a0proporcionalidad, es decir, solo se tratan estrictamente para la finalidad para la que se ha prestado el consentimiento.<\/p>\n\n\n\n<p><strong>Datos no pertinentes<br><\/strong>Centro Odontol\u00f3gico Maxilofacial, SL advierte al usuario de que, salvo la existencia de una representaci\u00f3n legalmente constituida, ning\u00fan usuario puede utilizar la identidad de otra persona y comunicar sus datos personales, por lo que el usuario en todo momento deber\u00e1 tener en cuenta que solo puede proporcionar datos personales correspondientes a su propia identidad y que sean adecuados, pertinentes, actuales, exactos y verdaderos<\/p>\n\n\n\n<p><strong>\u00bfCu\u00e1nto tiempo conservaremos sus datos?<br><\/strong>Centro Odontol\u00f3gico Maxilofacial, SL guarda sus Datos Personales mientras sea necesario para el fin por el que fueron recopilados. Si la directriz es distinta a la indicada en esta pol\u00edtica se detalla en el documento pertinente.<br>Una vez cumplida la finalidad para la que fueron recogidos los datos, estos ser\u00e1n cancelados. Dicha cancelaci\u00f3n dar\u00e1 lugar al bloqueo de los datos conserv\u00e1ndose \u00fanicamente a disposici\u00f3n de las AAPP, Jueces y Tribunales, para atender las posibles responsabilidades nacidas del tratamiento, durante el plazo de prescripci\u00f3n de \u00e9stas, cumplido el citado plazo se proceder\u00e1 a la destrucci\u00f3n de la informaci\u00f3n.<\/p>\n\n\n\n<p><strong>\u00bfA qui\u00e9n comunicaremos sus datos?<br><\/strong>Centro Odontol\u00f3gico Maxilofacial, SL solamente ceder\u00e1 sus datos en aquellos servicios en los que se indica y en los casos previstos por una ley.<br>No se realizar\u00e1n transferencias internacionales de sus datos personales.<br>En el caso de las redes sociales, toda la informaci\u00f3n y contenidos publicados por el usuario\u00a0ser\u00e1n objeto de comunicaci\u00f3n y compartidos con el resto de los usuarios que consulten esta red social, por la propia naturaleza del servicio.<\/p>\n\n\n\n<p><strong>Medidas de seguridad<br><\/strong>Centro Odontol\u00f3gico Maxilofacial, SL asegura la absoluta confidencialidad y privacidad de los datos personales recogidos y por ello se han adoptado medidas esenciales de seguridad para evitar la alteraci\u00f3n, p\u00e9rdida, tratamiento o acceso no autorizado y garantizar as\u00ed su integridad y seguridad.<br>El Usuario se compromete a hacer un uso diligente y a no poner a la disposici\u00f3n de terceros su nombre de usuario y contrase\u00f1a, as\u00ed mismo se compromete a llevar a disposici\u00f3n de la empresa cualquier, robo, p\u00e9rdida o riesgo de acceso de terceros a su usuario.<\/p>\n\n\n\n<p><strong>\u00bfCu\u00e1les son sus derechos cuando nos facilita sus datos personales?<\/strong><\/p>\n\n\n\n<figure class=\"wp-block-table is-style-regular\"><table><tbody><tr><td>Acceso<\/td><td>Podr\u00e1 consultar los datos personales gestionados por Centro Odontol\u00f3gico Maxilofacial, SL<\/td><\/tr><tr><td>Rectificaci\u00f3n<\/td><td>Podr\u00e1 modificar sus datos personales cuando sean inexactos<\/td><\/tr><tr><td>Supresi\u00f3n<\/td><td>Podr\u00e1 solicitar la eliminaci\u00f3n de sus datos personales<\/td><\/tr><tr><td>Oposici\u00f3n<\/td><td>Podr\u00e1 solicitar que no se traten sus datos personales<\/td><\/tr><tr><td>Limitaci\u00f3n del tratamiento<\/td><td>Podr\u00e1s solicitar la limitaci\u00f3n al tratamiento de tus datos en los siguientes casos:<br>&#8211; Mientras se comprueba la impugnaci\u00f3n de la exactitud de tus datos<br>&#8211; Cuando Centro Odontol\u00f3gico Maxilofacial, SL no necesite tratar sus datos, pero usted los necesites para el ejercicio o defensa de reclamaciones.<\/td><\/tr><tr><td>Portabilidad<\/td><td>Podr\u00e1 recibir en formato electr\u00f3nico los datos que nos haya facilitado en formato electr\u00f3nico<\/td><\/tr><\/tbody><\/table><\/figure>\n\n\n\n<p><strong>CANAL DE ATENCI\u00d3N<\/strong><br>info@clinicaariza.com<\/p>\n\n\n\n<p>Si considera que no hemos tratado sus datos personales de acuerdo con la normativa puedes contactar con el Delegado de Protecci\u00f3n de Datos en la direcci\u00f3n info@clinicaariza.com<br>No obstante, podr\u00e1 presentar una reclamaci\u00f3n ante la Agencia Espa\u00f1ola de Protecci\u00f3n de Datos (www.agpd.es).<br>Para ejercitar sus derechos, deber\u00e1 dirigirse a Centro Odontol\u00f3gico Maxilofacial, SL mediante escrito, remitido a la siguiente direcci\u00f3n Bisbe Irurita 17, 1r, 25006 Lleida o bien al correo info@clinicaariza.com, indicando en la l\u00ednea de Asunto el derecho que desea ejercitar y acreditando su identidad. Centro Odontol\u00f3gico Maxilofacial, SL atender\u00e1 su solicitud a la mayor brevedad posible y teniendo en cuenta los plazos previstos en la normativa en materia de protecci\u00f3n de datos.<br>El ejercicio de sus derechos es gratuito.<\/p>\n\n\n\n<p><strong>Redes sociales<br><\/strong>El funcionamiento de las redes sociales no est\u00e1 bajo el control de Centro Odontol\u00f3gico Maxilofacial, SL, y por lo tanto la informaci\u00f3n que publique ser\u00e1 compartida por todos los usuarios que las consulten. As\u00ed mismo, estas redes permiten la interacci\u00f3n con otros usuarios, y por lo tanto, a continuaci\u00f3n, se detallan unas premisas que debe tener en cuenta.<br>El objeto de la utilizaci\u00f3n de las redes sociales es dar visibilidad y difusi\u00f3n de los productos que desarrolla Centro Odontol\u00f3gico Maxilofacial, SL.<br>En principio, se aplica la misma pol\u00edtica de protecci\u00f3n de datos especificada en este documento, en cuanto a la recogida, tratamiento y cesi\u00f3n de datos.<br>El usuario debe comprometerse a:<\/p>\n\n\n\n<p>\u00b7 No publicar informaciones que no respondan a los requisitos de veracidad, inter\u00e9s p\u00fablico y respeto a la dignidad de las personas. En especial, el usuario tendr\u00e1 que evitar toda conducta que pueda atentar contra el principio de no discriminaci\u00f3n por razones de sexo, raza, religi\u00f3n, ideolog\u00eda o cualquier otro circunstancia personal o social, y contra la intimidad, el honor y la propia imagen, siendo el responsable final sobre la veracidad y legalidad de los contenidos que publique.<br>\u00b7 No grabar ni publicar im\u00e1genes, v\u00eddeos o cualquier otro tipo de registro sin el consentimiento de los afectados.<\/p>\n\n\n\n<p>Centro Odontol\u00f3gico Maxilofacial, SL no se identifica con las opiniones expresadas por otros ni con la ideolog\u00eda de los perfiles con los que tenga amistad en ninguna red social.<\/p>\n\n\n\n<p>Centro Odontol\u00f3gico Maxilofacial, SL se reserva el derecho de eliminar de sus redes sociales cualquier informaci\u00f3n publicada por otros que vulnere la legalidad, incite a hacerlo, o contenga mensajes que atenten contra la dignidad de personas o instituciones. As\u00ed como de bloquear o denunciar el perfil autor de estos mensajes.<\/p>\n\n\n\n<p>Recomendaciones a los usuarios\/las usuarias<br>\u00b7 Revise y lea las condiciones generales de uso y la pol\u00edtica de privacidad de la red social en el momento de registrarse.<br>\u00b7 Aprenda las posibilidades de configuraci\u00f3n y uso que la red ofrezca.<br>\u00b7 Configure adecuadamente el grado de privacidad del perfil de usuario en la red social.<br>\u00b7 No publique informaci\u00f3n excesiva sobre su vida personal y familiar.<br>\u00b7 Tenga cuidado con la publicaci\u00f3n de contenidos audiovisuales y gr\u00e1ficos en su perfil, especialmente si se alojar\u00e1n im\u00e1genes relativas a terceras personas.<br>\u00b7 No ofrezca datos de terceros sin el previo consentimiento de \u00e9stos.<\/p>\n\n\n\n<p>Las redes sociales gestionadas por Centro Odontol\u00f3gico Maxilofacial, SL son:<br>Instagram &#8211; www.instagram.com\/clinicaariza\/<\/p>\n\n\n\n<p><\/p>\n","protected":false},"excerpt":{"rendered":"<p>Alcance de la pol\u00edtica de protecci\u00f3n de datos personalesEsta pol\u00edtica de protecci\u00f3n de datos de car\u00e1cter personal abarca cualquier tratamiento de datos que pueda producirse al navegar o interaccionar por cualquiera de nuestras p\u00e1ginas web o las redes sociales en las que podamos tener presencia. Al final de este documento se especifica informaci\u00f3n especial en [&hellip;]<\/p>\n","protected":false},"author":1,"featured_media":0,"parent":0,"menu_order":0,"comment_status":"closed","ping_status":"closed","template":"","meta":{"_acf_changed":false,"editor_notices":[],"footnotes":""},"class_list":["post-46","page","type-page","status-publish","hentry"],"acf":[],"_links":{"self":[{"href":"https:\/\/www.clinicaariza.com\/es\/wp-json\/wp\/v2\/pages\/46","targetHints":{"allow":["GET"]}}],"collection":[{"href":"https:\/\/www.clinicaariza.com\/es\/wp-json\/wp\/v2\/pages"}],"about":[{"href":"https:\/\/www.clinicaariza.com\/es\/wp-json\/wp\/v2\/types\/page"}],"author":[{"embeddable":true,"href":"https:\/\/www.clinicaariza.com\/es\/wp-json\/wp\/v2\/users\/1"}],"replies":[{"embeddable":true,"href":"https:\/\/www.clinicaariza.com\/es\/wp-json\/wp\/v2\/comments?post=46"}],"version-history":[{"count":5,"href":"https:\/\/www.clinicaariza.com\/es\/wp-json\/wp\/v2\/pages\/46\/revisions"}],"predecessor-version":[{"id":1110,"href":"https:\/\/www.clinicaariza.com\/es\/wp-json\/wp\/v2\/pages\/46\/revisions\/1110"}],"wp:attachment":[{"href":"https:\/\/www.clinicaariza.com\/es\/wp-json\/wp\/v2\/media?parent=46"}],"curies":[{"name":"wp","href":"https:\/\/api.w.org\/{rel}","templated":true}]}}