{"id":44,"date":"2025-01-26T09:12:48","date_gmt":"2025-01-26T08:12:48","guid":{"rendered":"https:\/\/www.clinicaariza.com\/?page_id=44"},"modified":"2025-05-23T11:30:42","modified_gmt":"2025-05-23T09:30:42","slug":"aviso-legal","status":"publish","type":"page","link":"https:\/\/www.clinicaariza.com\/es\/aviso-legal\/","title":{"rendered":"Aviso legal"},"content":{"rendered":"\n<p>Bienvenido a la p\u00e1gina web de Cl\u00ednica Dental Ariza.<br>A continuaci\u00f3n, le exponemos las condiciones de uso de esta p\u00e1gina web. La navegaci\u00f3n por esta p\u00e1gina web le otorga el rol de usuario de la misma y, por tanto, acepta las cl\u00e1usulas detalladas en este documento.<\/p>\n\n\n\n<p><strong>IDENTIFICACI\u00d3N<\/strong><br>De conformidad con lo que dispone el art\u00edculo 10 de la Ley 34\/2002, de 11 de julio, de Servicios de Sociedad de la Informaci\u00f3n y Comercio Electr\u00f3nico, se informa que https:\/\/www.clinicaariza.com\/ es un dominio de Centro Odontol\u00f3gico Maxilofacial, SL, con domicilio social en la calle Gran Passeig de Ronda, 85, 25006 Lleida CIF B-25496498, tel\u00e9fono +34 973 283 028\u202c y email info@clinicaariza.com.<\/p>\n\n\n\n<p><strong>ACEPTACI\u00d3N DEL USUARIO<br><\/strong>Este Aviso Legal regula el acceso y utilizaci\u00f3n de la p\u00e1gina web que Centro Odontol\u00f3gico Maxilofacial, SL pone a disposici\u00f3n de los usuarios de Internet. Se entiende por usuario la persona que acceda, navegue, utilice o participe en los servicios y actividades de la Web. El acceso y navegaci\u00f3n de un usuario por la Web implica la aceptaci\u00f3n sin reservas del presente Aviso Legal. Centro Odontol\u00f3gico Maxilofacial, SL puede ofrecer a trav\u00e9s de la p\u00e1gina web servicios que podr\u00e1n encontrarse sometidos a unas condiciones particulares propias sobre las cuales se informar\u00e1 al Usuario en cada caso concreto.<\/p>\n\n\n\n<p><strong>NORMAS DE UTILITZACI\u00d3N<\/strong><br>El Usuario se compromete a hacer un uso adecuado y l\u00edcito del sitio web, as\u00ed como de los contenidos y servicios, de conformidad con la legislaci\u00f3n aplicable en cada momento, la moral y buenas costumbres generalmente aceptadas y el orden p\u00fablico; y a no difundir contenidos o propaganda de car\u00e1cter racista, xen\u00f3fobo, pornogr\u00e1fico-ilegal, de apolog\u00eda del terrorismo o atentatorio contra los derechos humanos. Del mismo modo el Usuario se obliga a no utilizar la Web o los servicios que se presten a trav\u00e9s de \u00e9l con fines o efectos il\u00edcitos o contrarios al contenido del presente Aviso Legal, lesivos de los intereses o derechos de terceros, o que de cualquier forma pueda da\u00f1ar, inutilizar o deteriorar la Web o sus servicios o impedir un normal disfrute de la Web por otros Usuarios.<br>Queda prohibido realizar, por su parte, cualquier acci\u00f3n que pueda provocar alteraciones de los contenidos de esta web o un mal funcionamiento de la misma, incluyendo la introducci\u00f3n de virus o similares, que causen o sean susceptibles de causar cualquier tipo de alteraci\u00f3n en los sistemas inform\u00e1ticos de Centro Odontol\u00f3gico Maxilofacial, SL o de terceros.<br>El usuario se compromete a no obtener informaciones, mensajes, gr\u00e1ficos, dibujos, archivos de sonido y\/o imagen, fotograf\u00edas, grabaciones, software y en general, cualquier clase de material accesible a trav\u00e9s de la Web o de los servicios ofrecidos en el mismo.<br>Se entiende que el acceso o utilizaci\u00f3n de la Web por parte del usuario implica la aceptaci\u00f3n por \u00e9ste del Aviso Legal que Centro Odontol\u00f3gico Maxilofacial, SL tenga publicado en el momento del acceso, el cual estar\u00e1 siempre disponible para los usuarios.<\/p>\n\n\n\n<p><strong>ACCESO A LA WEB<\/strong><br>El acceso a la Web por parte de los usuarios tiene car\u00e1cter libre y gratuito Cuando sea necesario que el usuario se registre o aporte datos personales para poder acceder a alguno de los servicios, la recogida y el tratamiento de los datos personales de los usuarios ser\u00e1 de aplicaci\u00f3n lo dispuesto en el apartado de protecci\u00f3n de datos este Aviso Legal.<br>Queda prohibida la contrataci\u00f3n de productos o servicios a trav\u00e9s de la Web por parte de menores de edad, debiendo obtener debidamente y con anterioridad, el consentimiento de sus padres, tutores o representantes legales, los cuales ser\u00e1n considerados como responsables de los actos que lleven a cabo los menores a su cargo. Si para la utilizaci\u00f3n de un servicio en la Web, el usuario debiera proceder a su registro, \u00e9ste ser\u00e1 responsable de aportar informaci\u00f3n veraz y l\u00edcita.<\/p>\n\n\n\n<p><strong>MODIFICACIONES DEL AVISO LEGAL<\/strong><br>Centro Odontol\u00f3gico Maxilofacial, SL se reserva expresamente el derecho a modificar el presente Aviso Legal. El usuario reconoce y acepta que es su responsabilidad revisar la Web y el presente Aviso Legal.<\/p>\n\n\n\n<p><strong>CONTENIDO DE LA WEB<\/strong><br>Centro Odontol\u00f3gico Maxilofacial, SL se compromete a realizar sus mejores esfuerzos para evitar cualquier error en los contenidos que pudieran aparecer en la Web. En cualquier caso, Centro Odontol\u00f3gico Maxilofacial, SL estar\u00e1 exenta de cualquier responsabilidad derivada de eventuales errores en los contenidos que pudieran aparecer en la Web, siempre que no le sean imputables.<br>Centro Odontol\u00f3gico Maxilofacial, SL no garantiza que la Web y el servidor est\u00e9n libres de virus y no se hace responsable de los posibles da\u00f1os o perjuicios que se puedan derivar de interferencias, omisiones, interrupciones, virus inform\u00e1ticos, aver\u00edas telef\u00f3nicas o desconexiones en el funcionamiento operativo de este sistema electr\u00f3nico, motivado por causas ajenas a Centro Odontol\u00f3gico Maxilofacial, SL, de retrasos o bloqueos en el uso de este sistema electr\u00f3nico causados por deficiencias de l\u00edneas telef\u00f3nicas o sobrecargas en el sistema de Internet o en otros sistemas electr\u00f3nicos, as\u00ed como tambi\u00e9n de da\u00f1os que puedan ser causados por terceras personas mediante intromisiones ileg\u00edtimas fuera del control de Centro Odontol\u00f3gico Maxilofacial, SL.<\/p>\n\n\n\n<p><strong>PROPIEDAD INTELECTUAL<\/strong><br>Las p\u00e1ginas de la web y la informaci\u00f3n o los elementos que contiene, incluyen textos, documentos, fotograf\u00edas, dibujos, representaciones gr\u00e1ficas, bases de datos, v\u00eddeos y tambi\u00e9n logotipos, marcas, nombres comerciales, u otros signos distintivos, est\u00e1n protegidos por derechos de propiedad intelectual o industrial, de los cuales Centro Odontol\u00f3gico Maxilofacial, SL es titular o licenciataria leg\u00edtima.<br>Queda prohibida cualquier modalidad de explotaci\u00f3n, incluyendo cualquier tipo de reproducci\u00f3n, distribuci\u00f3n, cesi\u00f3n a terceros, comunicaci\u00f3n p\u00fablica y transformaci\u00f3n, mediante cualquier tipo de apoyo y medio, sin la autorizaci\u00f3n previa y expresa.<br>A los efectos de lo previsto en el art\u00edculo 32.1 del Texto Refundido de la Ley de Propiedad Intelectual, Centro Odontol\u00f3gico Maxilofacial, SL se opone expresamente a la utilizaci\u00f3n de cualesquiera contenidos de este portal web con la finalidad de realizar rese\u00f1as con fines comerciales sin contar con la previa autorizaci\u00f3n de Centro Odontol\u00f3gico Maxilofacial, SL.<br>El usuario puede visualizar todos los elementos, imprimirlos, copiarlos y almacenarlos en el disco duro de su ordenador o en cualquier otro soporte f\u00edsico siempre y cuando sea, \u00fanica y exclusivamente, para su uso personal y privado, quedando, por tanto, terminantemente prohibida su utilizaci\u00f3n con otros fines, su distribuci\u00f3n, as\u00ed como su modificaci\u00f3n, alteraci\u00f3n o descompilaci\u00f3n.<\/p>\n\n\n\n<p><strong>RESPONSABILIDAD<br><\/strong>Nuestra intenci\u00f3n es la de ofrecer un sitio web que ofrezca un funcionamiento continuado y de m\u00e1xima calidad.<br>De todas formas, le informamos que no podemos garantizar el acceso continuado, y que las p\u00e1ginas se puedan encontrar impedidas, o interrumpidas por factores o circunstancias ajenas a nuestra voluntad.<br>Centro Odontol\u00f3gico Maxilofacial, SL no es responsable de la informaci\u00f3n y otros contenidos integrados en espacios o p\u00e1ginas web de terceros accesibles mediante enlaces, hiperv\u00ednculos o links.<br>Centro Odontol\u00f3gico Maxilofacial, SL no se hace responsable de los perjuicios que se pudieran derivar, entre otros, de:<br>Interferencias, interrupciones, fallos, omisiones, aver\u00edas telef\u00f3nicas, retrasos, bloqueos o desconexiones en el funcionamiento del sistema electr\u00f3nico, motivadas por deficiencias, sobrecargas y errores en las l\u00edneas y redes de telecomunicaciones.<br>Intromisiones ileg\u00edtimas mediante el uso de programas malignos de cualquier tipo y a trav\u00e9s de cualquier medio de comunicaci\u00f3n.<br>Uso indebido o inadecuado del sitio web.<br>Errores producidos por un mal funcionamiento del navegador o por el uso de versiones no actualizadas del mismo.<br>EL usuario, en caso de causar da\u00f1os y perjuicios por un uso il\u00edcito o incorrecto de este sitio web, podr\u00e1 ser reclamado de los da\u00f1os o perjuicios causados.<br>Asimismo, el usuario responder\u00e1 frente a cualquier da\u00f1o y perjuicio, que se derive del uso por su parte de \u201crobots\u201d, \u201cspiders\u201d, \u2026 o herramientas similares empleadas con el fin de recabar o extraer datos o de cualquier otra actuaci\u00f3n por su parte que imponga una carga irrazonable sobre el funcionamiento del sitio web.<\/p>\n\n\n\n<p><strong>PROTECCI\u00d3N DE DATOS PERSONALES<\/strong><br>Centro Odontol\u00f3gico Maxilofacial, SL adopta las medidas t\u00e9cnicas y organizativas necesarias para garantizar la protecci\u00f3n de los datos de car\u00e1cter personal y evitar su alteraci\u00f3n, p\u00e9rdida, tratamiento y\/o acceso no autorizado, habida cuenta del estado de la t\u00e9cnica, la naturaleza de los datos almacenados y los riesgos a que est\u00e1n expuestos, todo ello, conforme a lo establecido por la legislaci\u00f3n espa\u00f1ola y europea de Protecci\u00f3n de Datos de Car\u00e1cter Personal.<br>El usuario podr\u00e1 proporcionar a Centro Odontol\u00f3gico Maxilofacial, SL sus datos de car\u00e1cter personal a trav\u00e9s de los distintos formularios que a tal efecto aparecen en la Web. Dichos formularios incorporan un texto legal en materia de protecci\u00f3n de datos personales que da cumplimiento a las exigencias establecidas en el REGLAMENTO (UE) 2016\/679 del Parlamento Europeo y del Consejo de 27 de abril de 2016 relativo a la protecci\u00f3n de las personas f\u00edsicas en lo que respecta al tratamiento de datos personales y a la libre circulaci\u00f3n de estos datos (Reglamento General de Protecci\u00f3n de Datos &#8211; RGPD). Del mismo modo, Centro Odontol\u00f3gico Maxilofacial, SL podr\u00e1 obtener datos de car\u00e1cter personal originados por su navegaci\u00f3n y\/o uso de la Web.<br>Rogamos lea atentamente los textos legales antes de facilitar sus datos de car\u00e1cter personal.<\/p>\n\n\n\n<p><strong>LEGISLACI\u00d3N<\/strong><br>Para la resoluci\u00f3n de cualquier conflicto que pueda surgir con ocasi\u00f3n de la visita a nuestra web aconsejamos que se contacte directamente con nosotros a trav\u00e9s de los datos de contacto que ofrecemos exponiendo su caso, con la finalidad de llegar a un acuerdo amistoso entre las dos partes.<br>En caso contrario, la ley aplicable en caso de disputa o conflicto de interpretaci\u00f3n de los t\u00e9rminos que conforman este aviso legal, as\u00ed como cualquier cuesti\u00f3n relacionada con los servicios y productos del presente portal, ser\u00e1 la ley espa\u00f1ola.<br>Nuestra empresa y el Usuario acuerdan someterse a los Jueces y Tribunales de domicilio del Usuario, siempre que el mismo est\u00e9 situado en territorio espa\u00f1ol y act\u00fae en condici\u00f3n de consumidor.<\/p>\n","protected":false},"excerpt":{"rendered":"<p>Bienvenido a la p\u00e1gina web de Cl\u00ednica Dental Ariza.A continuaci\u00f3n, le exponemos las condiciones de uso de esta p\u00e1gina web. La navegaci\u00f3n por esta p\u00e1gina web le otorga el rol de usuario de la misma y, por tanto, acepta las cl\u00e1usulas detalladas en este documento. IDENTIFICACI\u00d3NDe conformidad con lo que dispone el art\u00edculo 10 de [&hellip;]<\/p>\n","protected":false},"author":1,"featured_media":0,"parent":0,"menu_order":0,"comment_status":"closed","ping_status":"closed","template":"","meta":{"_acf_changed":false,"editor_notices":[],"footnotes":""},"class_list":["post-44","page","type-page","status-publish","hentry"],"acf":[],"_links":{"self":[{"href":"https:\/\/www.clinicaariza.com\/es\/wp-json\/wp\/v2\/pages\/44","targetHints":{"allow":["GET"]}}],"collection":[{"href":"https:\/\/www.clinicaariza.com\/es\/wp-json\/wp\/v2\/pages"}],"about":[{"href":"https:\/\/www.clinicaariza.com\/es\/wp-json\/wp\/v2\/types\/page"}],"author":[{"embeddable":true,"href":"https:\/\/www.clinicaariza.com\/es\/wp-json\/wp\/v2\/users\/1"}],"replies":[{"embeddable":true,"href":"https:\/\/www.clinicaariza.com\/es\/wp-json\/wp\/v2\/comments?post=44"}],"version-history":[{"count":6,"href":"https:\/\/www.clinicaariza.com\/es\/wp-json\/wp\/v2\/pages\/44\/revisions"}],"predecessor-version":[{"id":1038,"href":"https:\/\/www.clinicaariza.com\/es\/wp-json\/wp\/v2\/pages\/44\/revisions\/1038"}],"wp:attachment":[{"href":"https:\/\/www.clinicaariza.com\/es\/wp-json\/wp\/v2\/media?parent=44"}],"curies":[{"name":"wp","href":"https:\/\/api.w.org\/{rel}","templated":true}]}}